{"id":74858,"date":"2017-02-24T17:17:18","date_gmt":"2017-02-24T17:17:18","guid":{"rendered":"http:\/\/fundicionesferrita.com\/?page_id=74858"},"modified":"2017-02-25T15:48:32","modified_gmt":"2017-02-25T15:48:32","slug":"granallas","status":"publish","type":"page","link":"https:\/\/fundicionesferrita.com\/?page_id=74858","title":{"rendered":"Granallas"},"content":{"rendered":"<p>[vc_row][vc_column width=&#8221;1\/2&#8243;][vc_column_text]<\/p>\n<p style=\"text-align: justify;\"><span style=\"color: #000000;\">La t\u00e9cnica de granallado consiste en la limpieza de superficies por impacto mediante granalla esf\u00e9rica o angular, con el fin de obtener la remoci\u00f3n de calaminas, residuos de soldadura y \u00f3xido presentes en superficies met\u00e1licas.<\/span><\/p>\n<p style=\"text-align: justify;\"><span style=\"color: #000000;\">En Ferrita Ltda., producimos granallas en acero esf\u00e9ricas o angulares con estricto cumplimiento de las norma internacionales que aplican.<\/span><\/p>\n<ul style=\"text-align: justify;\">\n<li><span style=\"color: #000000;\">Granalla gruesa: Utilizada para remover alta corrosi\u00f3n y capas de pintura.<\/span><\/li>\n<li><span style=\"color: #000000;\">Granalla mediana: Ideal para corrosi\u00f3n leve y pintura delgada o sin mayor adherencia.<\/span><\/li>\n<li><span style=\"color: #000000;\">Granalla de grano fino: Utilizada por chorro en madera, pl\u00e1stico, cer\u00e1mico y ropa ya que es ideal para marcado de superficies.<\/span><\/li>\n<\/ul>\n<p style=\"text-align: justify;\"><span style=\"color: #000000;\"><strong><u>Descripci\u00f3n de producto:<\/u><\/strong><\/span><\/p>\n<p style=\"text-align: justify;\"><span style=\"color: #000000;\">La granalla al tener un ciclo de vida alto debido a su dureza, es utilizada en la industria textil, petr\u00f3leo y gas, construcci\u00f3n, naval y metalmec\u00e1nicas entre otras, \u00a0permitiendo adem\u00e1s, reducir los riesgos de enfermedades respiratorias generadas en el proceso de limpieza con arena, ya que la arena se convierte en polvo al ser extremadamente fr\u00e1gil exponiendo a los operarios a enfermedades como silicosis entre otras.<\/span><\/p>\n<p style=\"text-align: justify;\"><span style=\"color: #000000;\">Granalla Angular: Es un producto utilizado con efectividad en la limpieza de superficies que no requieren acabado fino, sino rugoso. Es utilizada en equipos de turbina y especialmente en granallado por aire comprimido y su tama\u00f1o depende del perfil de rugosidad y del rendimiento deseado.<\/span><\/p>\n<p style=\"text-align: justify;\"><span style=\"color: #000000;\">Granalla esf\u00e9rica: Utilizada para limpieza de superficies en las que se desea acabado fino y uniforme. El tama\u00f1o a utilizar depende de los resultados que se quieran obtener. Granallas finas generan acabado m\u00e1s fino y granallas medianas y gruesas son ideales para eliminar capas de \u00f3xido, pintura y otros.<\/span><\/p>\n<p>[\/vc_column_text][\/vc_column][vc_column width=&#8221;1\/2&#8243;][vc_single_image image=&#8221;74966&#8243; img_size=&#8221;590&#215;400&#8243;][vc_column_text]<\/p>\n<p style=\"text-align: justify;\"><span style=\"color: #000000;\">El uso de la granalla de acero permite reducir el costo en recintos cerrados respecto a la arena, gracias a su eficiencia de consumo. Se obtienen apreciables ventajas en el costo del abrasivo (cerca de seis veces), mejor calidad en cuanto al trabajo realizado y baja contaminaci\u00f3n ambiental as\u00ed como eliminaci\u00f3n del riesgo de silicosis (enfermedad generada por la s\u00edlice presente en la arena).<\/span><\/p>\n<p>[\/vc_column_text][vc_separator][vc_tta_accordion][vc_tta_section i_icon_fontawesome=&#8221;fa fa-fire&#8221; title=&#8221;Fundidoras&#8221; tab_id=&#8221;1488037383462-641bea23-1954&#8243; add_icon=&#8221;true&#8221;][vc_column_text]<\/p>\n<p style=\"text-align: justify;\">Desarenado, decapado y preparaci\u00f3n de piezas para mecanizado o pintado. Eliminaci\u00f3n de calaminas y laminillas previo tratamiento t\u00e9rmico.<\/p>\n<p style=\"text-align: justify;\">El principal uso para la granalla de acero al carb\u00f3n es el de limpieza de piezas de fundici\u00f3n y de troquelado ya que la arena que se desprende del proceso de fabricaron mediante la fundici\u00f3n se adhiere con fuerza a la pieza producida y es dif\u00edcil de desprender ya que queda compactada en la superficie de las piezas, o la irregularidad en los bordes del troquelado y el granallado con granalla de acero al carb\u00f3n sugiere una forma r\u00e1pida y barata en la relaci\u00f3n costo-beneficio con respecto a la antigua forma manual con cardas y\/o esmeriles para darle una mejor apariencia y ha acabado a las piezas.<\/p>\n<p>[\/vc_column_text][\/vc_tta_section][vc_tta_section i_icon_fontawesome=&#8221;fa fa-car&#8221; title=&#8221;Industria Automotriz&#8221; tab_id=&#8221;1488037383520-9a807191-c151&#8243; add_icon=&#8221;true&#8221;][vc_column_text]<\/p>\n<p style=\"text-align: justify;\">Desarenado, limpieza, terminaci\u00f3n y Shot Peening, de piezas para la industria automotriz.<\/p>\n<p>[\/vc_column_text][\/vc_tta_section][vc_tta_section i_icon_fontawesome=&#8221;fa fa-anchor&#8221; title=&#8221;Industria Naval&#8221; tab_id=&#8221;1488037537924-95c86efa-dfdf&#8221; add_icon=&#8221;true&#8221;][vc_column_text]<\/p>\n<p style=\"text-align: justify;\">Eliminaci\u00f3n de cascarilla, pintura y \u00f3xido<\/p>\n<p>[\/vc_column_text][\/vc_tta_section][vc_tta_section i_icon_fontawesome=&#8221;fa fa-fire-extinguisher&#8221; title=&#8221;Petr\u00f3leo y Gas&#8221; tab_id=&#8221;1488037585966-3cbb1e4e-c086&#8243; add_icon=&#8221;true&#8221;][vc_column_text]Limpieza, terminaci\u00f3n y Shot Peening.[\/vc_column_text][\/vc_tta_section][\/vc_tta_accordion][\/vc_column][\/vc_row]<\/p>\n","protected":false},"excerpt":{"rendered":"<p>[vc_row][vc_column width=&#8221;1\/2&#8243;][vc_column_text] La t\u00e9cnica de granallado consiste en la limpieza de superficies por impacto mediante granalla esf\u00e9rica o angular, con el fin de obtener la remoci\u00f3n de calaminas, residuos de soldadura y \u00f3xido presentes en superficies met\u00e1licas. En Ferrita Ltda., producimos granallas en acero esf\u00e9ricas o angulares con estricto cumplimiento de las norma internacionales que [&hellip;]<\/p>\n","protected":false},"author":2,"featured_media":0,"parent":0,"menu_order":0,"comment_status":"closed","ping_status":"closed","template":"","meta":{"footnotes":""},"class_list":["post-74858","page","type-page","status-publish","hentry"],"_links":{"self":[{"href":"https:\/\/fundicionesferrita.com\/index.php?rest_route=\/wp\/v2\/pages\/74858"}],"collection":[{"href":"https:\/\/fundicionesferrita.com\/index.php?rest_route=\/wp\/v2\/pages"}],"about":[{"href":"https:\/\/fundicionesferrita.com\/index.php?rest_route=\/wp\/v2\/types\/page"}],"author":[{"embeddable":true,"href":"https:\/\/fundicionesferrita.com\/index.php?rest_route=\/wp\/v2\/users\/2"}],"replies":[{"embeddable":true,"href":"https:\/\/fundicionesferrita.com\/index.php?rest_route=%2Fwp%2Fv2%2Fcomments&post=74858"}],"version-history":[{"count":4,"href":"https:\/\/fundicionesferrita.com\/index.php?rest_route=\/wp\/v2\/pages\/74858\/revisions"}],"predecessor-version":[{"id":74968,"href":"https:\/\/fundicionesferrita.com\/index.php?rest_route=\/wp\/v2\/pages\/74858\/revisions\/74968"}],"wp:attachment":[{"href":"https:\/\/fundicionesferrita.com\/index.php?rest_route=%2Fwp%2Fv2%2Fmedia&parent=74858"}],"curies":[{"name":"wp","href":"https:\/\/api.w.org\/{rel}","templated":true}]}}